{"id":2220,"date":"2020-01-13T13:35:54","date_gmt":"2020-01-13T12:35:54","guid":{"rendered":"https:\/\/hotelecaselle.com\/page-daccueil\/"},"modified":"2025-04-18T10:31:54","modified_gmt":"2025-04-18T08:31:54","slug":"page-daccueil","status":"publish","type":"page","link":"https:\/\/hotelecaselle.com\/en\/","title":{"rendered":"Page d&#8217;accueil"},"content":{"rendered":"<div class=\"wpb-content-wrapper\"><p>[vc_row][vc_column]\n\t\t\t<!-- START Page d&#039;accueil REVOLUTION SLIDER 6.7.12 --><p class=\"rs-p-wp-fix\"><\/p>\n\t\t\t<rs-module-wrap id=\"rev_slider_1_1_wrapper\" data-source=\"gallery\" style=\"visibility:hidden;background:transparent;padding:0;margin:0px auto;margin-top:0;margin-bottom:0;\">\n\t\t\t\t<rs-module id=\"rev_slider_1_1\" style=\"\" data-version=\"6.7.12\">\n\t\t\t\t\t<rs-slides style=\"overflow: hidden; position: absolute;\">\n\t\t\t\t\t\t<rs-slide style=\"position: absolute;\" data-key=\"rs-140\" data-title=\"Slide\" data-thumb=\"\/\/hotelecaselle.com\/wp-content\/uploads\/2022\/06\/e-caselle-hotel-restaurant-4-etoiles-en-centre-corse-corte-50x100.jpg\" data-anim=\"adpr:false;\" data-in=\"o:0;\" data-out=\"a:false;\">\n\t\t\t\t\t\t\t<img decoding=\"async\" src=\"\/\/hotelecaselle.com\/wp-content\/plugins\/revslider\/sr6\/assets\/assets\/dummy.png\" alt=\"\" title=\"e-caselle-hotel-restaurant-4-etoiles-en-centre-corse-corte\" width=\"1240\" height=\"689\" class=\"rev-slidebg tp-rs-img rs-lazyload\" data-lazyload=\"\/\/hotelecaselle.com\/wp-content\/uploads\/2022\/06\/e-caselle-hotel-restaurant-4-etoiles-en-centre-corse-corte.jpg\" data-panzoom=\"d:10000;ss:100%;se:110%;\" data-no-retina>\n<!---->\t\t\t\t\t<\/rs-slide>\n\t\t\t\t\t\t<rs-slide style=\"position: absolute;\" data-key=\"rs-138\" data-title=\"Slide\" data-thumb=\"\/\/hotelecaselle.com\/wp-content\/uploads\/2022\/06\/piscine-et-riviere-hotel-charme-centre-corse-50x100.jpg\" data-anim=\"adpr:false;\" data-in=\"o:0;\" data-out=\"a:false;\">\n\t\t\t\t\t\t\t<img decoding=\"async\" src=\"\/\/hotelecaselle.com\/wp-content\/plugins\/revslider\/sr6\/assets\/assets\/dummy.png\" alt=\"\" title=\"piscine-et-riviere-hotel-charme-centre-corse\" width=\"1240\" height=\"689\" class=\"rev-slidebg tp-rs-img rs-lazyload\" data-lazyload=\"\/\/hotelecaselle.com\/wp-content\/uploads\/2022\/06\/piscine-et-riviere-hotel-charme-centre-corse.jpg\" data-panzoom=\"d:10000;ss:100%;se:110%;\" data-no-retina>\n<!---->\t\t\t\t\t<\/rs-slide>\n\t\t\t\t\t\t<rs-slide style=\"position: absolute;\" data-key=\"rs-26\" data-title=\"Slide\" data-thumb=\"\/\/hotelecaselle.com\/wp-content\/uploads\/2022\/06\/sejourt-vert-hotel-4-etoiles-corte-corse-50x100.jpg\" data-anim=\"adpr:false;\" data-in=\"o:0;\" data-out=\"a:false;\">\n\t\t\t\t\t\t\t<img decoding=\"async\" src=\"\/\/hotelecaselle.com\/wp-content\/plugins\/revslider\/sr6\/assets\/assets\/dummy.png\" alt=\"\" title=\"sejourt-vert-hotel-4-etoiles-corte-corse\" width=\"1240\" height=\"689\" class=\"rev-slidebg tp-rs-img rs-lazyload\" data-lazyload=\"\/\/hotelecaselle.com\/wp-content\/uploads\/2022\/06\/sejourt-vert-hotel-4-etoiles-corte-corse.jpg\" data-no-retina>\n<!---->\t\t\t\t\t<\/rs-slide>\n\t\t\t\t\t\t<rs-slide style=\"position: absolute;\" data-key=\"rs-3\" data-title=\"Slide\" data-thumb=\"\/\/hotelecaselle.com\/wp-content\/uploads\/2022\/06\/hotel-e-caselle-4-etoiles-parc-verdoyant-50x100.jpg\" data-anim=\"adpr:false;\" data-in=\"o:0;\" data-out=\"a:false;\">\n\t\t\t\t\t\t\t<img decoding=\"async\" src=\"\/\/hotelecaselle.com\/wp-content\/plugins\/revslider\/sr6\/assets\/assets\/dummy.png\" alt=\"\" title=\"hotel-e-caselle-4-etoiles-parc-verdoyant\" width=\"1240\" height=\"689\" class=\"rev-slidebg tp-rs-img rs-lazyload\" data-lazyload=\"\/\/hotelecaselle.com\/wp-content\/uploads\/2022\/06\/hotel-e-caselle-4-etoiles-parc-verdoyant.jpg\" data-panzoom=\"d:10000;ss:100%;se:110%;\" data-no-retina>\n<!---->\t\t\t\t\t<\/rs-slide>\n\t\t\t\t\t\t<rs-slide style=\"position: absolute;\" data-key=\"rs-67\" data-title=\"Slide\" data-thumb=\"\/\/hotelecaselle.com\/wp-content\/uploads\/2022\/06\/hotel-dans-foret-venaco-centre-corse-50x100.jpg\" data-anim=\"adpr:false;\" data-in=\"o:0;\" data-out=\"a:false;\">\n\t\t\t\t\t\t\t<img decoding=\"async\" src=\"\/\/hotelecaselle.com\/wp-content\/plugins\/revslider\/sr6\/assets\/assets\/dummy.png\" alt=\"\" title=\"hotel-dans-foret-venaco-centre-corse\" width=\"1240\" height=\"689\" class=\"rev-slidebg tp-rs-img rs-lazyload\" data-lazyload=\"\/\/hotelecaselle.com\/wp-content\/uploads\/2022\/06\/hotel-dans-foret-venaco-centre-corse.jpg\" data-panzoom=\"d:10000;ss:100%;se:110%;\" data-no-retina>\n<!---->\t\t\t\t\t<\/rs-slide>\n\t\t\t\t\t\t<rs-slide style=\"position: absolute;\" data-key=\"rs-141\" data-title=\"Slide\" data-thumb=\"\/\/hotelecaselle.com\/wp-content\/uploads\/2022\/06\/sejour-au-vert-hotel-venaco-corse-50x100.jpg\" data-anim=\"adpr:false;\" data-in=\"o:0;\" data-out=\"a:false;\">\n\t\t\t\t\t\t\t<img decoding=\"async\" src=\"\/\/hotelecaselle.com\/wp-content\/plugins\/revslider\/sr6\/assets\/assets\/dummy.png\" alt=\"\" title=\"sejour-au-vert-hotel-venaco-corse\" width=\"1240\" height=\"689\" class=\"rev-slidebg tp-rs-img rs-lazyload\" data-lazyload=\"\/\/hotelecaselle.com\/wp-content\/uploads\/2022\/06\/sejour-au-vert-hotel-venaco-corse.jpg\" data-panzoom=\"d:10000;ss:100%;se:110%;\" data-no-retina>\n<!---->\t\t\t\t\t<\/rs-slide>\n\t\t\t\t\t\t<rs-slide style=\"position: absolute;\" data-key=\"rs-1\" data-title=\"Slide\" data-thumb=\"\/\/hotelecaselle.com\/wp-content\/uploads\/2022\/06\/hotel-e-caselle-venaco-centre-corse-50x100.jpg\" data-anim=\"adpr:false;\" data-in=\"o:0;\" data-out=\"a:false;\">\n\t\t\t\t\t\t\t<img decoding=\"async\" src=\"\/\/hotelecaselle.com\/wp-content\/plugins\/revslider\/sr6\/assets\/assets\/dummy.png\" alt=\"\" title=\"hotel-e-caselle-venaco-centre-corse\" width=\"1240\" height=\"689\" class=\"rev-slidebg tp-rs-img rs-lazyload\" data-lazyload=\"\/\/hotelecaselle.com\/wp-content\/uploads\/2022\/06\/hotel-e-caselle-venaco-centre-corse.jpg\" data-panzoom=\"d:10000;ss:100%;se:110%;\" data-no-retina>\n<!---->\t\t\t\t\t<\/rs-slide>\n\t\t\t\t\t\t<rs-slide style=\"position: absolute;\" data-key=\"rs-136\" data-title=\"Slide\" data-thumb=\"\/\/hotelecaselle.com\/wp-content\/uploads\/2022\/06\/hotel-4-etoiles-avec-piscine-corte-haute-cores-50x100.jpg\" data-anim=\"adpr:false;\" data-in=\"o:0;\" data-out=\"a:false;\">\n\t\t\t\t\t\t\t<img decoding=\"async\" src=\"\/\/hotelecaselle.com\/wp-content\/plugins\/revslider\/sr6\/assets\/assets\/dummy.png\" alt=\"\" title=\"hotel-4-etoiles-avec-piscine-corte-haute-cores\" width=\"1240\" height=\"689\" class=\"rev-slidebg tp-rs-img rs-lazyload\" data-lazyload=\"\/\/hotelecaselle.com\/wp-content\/uploads\/2022\/06\/hotel-4-etoiles-avec-piscine-corte-haute-cores.jpg\" data-panzoom=\"d:10000;ss:100%;se:110%;\" data-no-retina>\n<!---->\t\t\t\t\t<\/rs-slide>\n\t\t\t\t\t\t<rs-slide style=\"position: absolute;\" data-key=\"rs-68\" data-title=\"Slide\" data-thumb=\"\/\/hotelecaselle.com\/wp-content\/uploads\/2022\/06\/hotel-artistique-venaco-corse-e-caselle-50x100.jpg\" data-anim=\"adpr:false;\" data-in=\"o:0;\" data-out=\"a:false;\">\n\t\t\t\t\t\t\t<img decoding=\"async\" src=\"\/\/hotelecaselle.com\/wp-content\/plugins\/revslider\/sr6\/assets\/assets\/dummy.png\" alt=\"\" title=\"hotel-artistique-venaco-corse-e-caselle\" width=\"1240\" height=\"689\" class=\"rev-slidebg tp-rs-img rs-lazyload\" data-lazyload=\"\/\/hotelecaselle.com\/wp-content\/uploads\/2022\/06\/hotel-artistique-venaco-corse-e-caselle.jpg\" data-panzoom=\"d:10000;ss:100%;se:110%;\" data-no-retina>\n<!---->\t\t\t\t\t<\/rs-slide>\n\t\t\t\t\t\t<rs-slide style=\"position: absolute;\" data-key=\"rs-69\" data-title=\"Slide\" data-thumb=\"\/\/hotelecaselle.com\/wp-content\/uploads\/2022\/06\/hotel-4-etoiles-bord-de-riviere-venaco-corse-50x100.jpg\" data-anim=\"adpr:false;\" data-in=\"o:0;\" data-out=\"a:false;\">\n\t\t\t\t\t\t\t<img decoding=\"async\" src=\"\/\/hotelecaselle.com\/wp-content\/plugins\/revslider\/sr6\/assets\/assets\/dummy.png\" alt=\"\" title=\"hotel-4-etoiles-bord-de-riviere-venaco-corse\" width=\"1240\" height=\"689\" class=\"rev-slidebg tp-rs-img rs-lazyload\" data-lazyload=\"\/\/hotelecaselle.com\/wp-content\/uploads\/2022\/06\/hotel-4-etoiles-bord-de-riviere-venaco-corse.jpg\" data-panzoom=\"d:10000;ss:100%;se:110%;\" data-no-retina>\n<!---->\t\t\t\t\t<\/rs-slide>\n\t\t\t\t\t\t<rs-slide style=\"position: absolute;\" data-key=\"rs-137\" data-title=\"Slide\" data-thumb=\"\/\/hotelecaselle.com\/wp-content\/uploads\/2022\/06\/hotel-4-etoiles-artistique-corse-50x100.jpg\" data-anim=\"adpr:false;\" data-in=\"o:0;\" data-out=\"a:false;\">\n\t\t\t\t\t\t\t<img decoding=\"async\" src=\"\/\/hotelecaselle.com\/wp-content\/plugins\/revslider\/sr6\/assets\/assets\/dummy.png\" alt=\"\" title=\"hotel-4-etoiles-artistique-corse\" width=\"1240\" height=\"689\" class=\"rev-slidebg tp-rs-img rs-lazyload\" data-lazyload=\"\/\/hotelecaselle.com\/wp-content\/uploads\/2022\/06\/hotel-4-etoiles-artistique-corse.jpg\" data-panzoom=\"d:10000;ss:100%;se:110%;\" data-no-retina>\n<!---->\t\t\t\t\t<\/rs-slide>\n\t\t\t\t\t\t<rs-slide style=\"position: absolute;\" data-key=\"rs-139\" data-title=\"Slide\" data-thumb=\"\/\/hotelecaselle.com\/wp-content\/uploads\/2022\/05\/bar-hote-e-caselle-corse-50x100.jpg\" data-anim=\"adpr:false;\" data-in=\"o:0;\" data-out=\"a:false;\">\n\t\t\t\t\t\t\t<img decoding=\"async\" src=\"\/\/hotelecaselle.com\/wp-content\/plugins\/revslider\/sr6\/assets\/assets\/dummy.png\" alt=\"\" title=\"bar-hote-e-caselle-corse\" width=\"1240\" height=\"689\" class=\"rev-slidebg tp-rs-img rs-lazyload\" data-lazyload=\"\/\/hotelecaselle.com\/wp-content\/uploads\/2022\/05\/bar-hote-e-caselle-corse.jpg\" data-panzoom=\"d:10000;ss:100%;se:110%;\" data-no-retina>\n<!---->\t\t\t\t\t<\/rs-slide>\n\t\t\t\t\t<\/rs-slides>\n\t\t\t\t<\/rs-module>\n\t\t\t\t<script>\n\t\t\t\t\tsetREVStartSize({c: 'rev_slider_1_1',rl:[1240,1024,778,480],el:[689],gw:[1240],gh:[689],type:'standard',justify:'',layout:'fullwidth',mh:\"0\"});if (window.RS_MODULES!==undefined && window.RS_MODULES.modules!==undefined && window.RS_MODULES.modules[\"revslider11\"]!==undefined) {window.RS_MODULES.modules[\"revslider11\"].once = false;window.revapi1 = undefined;if (window.RS_MODULES.checkMinimal!==undefined) window.RS_MODULES.checkMinimal()}\n\t\t\t\t<\/script>\n\t\t\t<\/rs-module-wrap>\n\t\t\t<!-- END REVOLUTION SLIDER -->\n<div class=\"ult-spacer spacer-69db89bdcbec5\" data-id=\"69db89bdcbec5\" data-height=\"75\" data-height-mobile=\"75\" data-height-tab=\"75\" data-height-tab-portrait=\"\" data-height-mobile-landscape=\"\" style=\"clear:both;display:block;\"><\/div>[vc_custom_heading text=&#8221;Art &amp; Nature in the heart of Corsica&#8221; font_container=&#8221;tag:h2|text_align:center&#8221; use_theme_fonts=&#8221;yes&#8221;]<div class=\"ult-spacer spacer-69db89bdcbee9\" data-id=\"69db89bdcbee9\" data-height=\"50\" data-height-mobile=\"50\" data-height-tab=\"50\" data-height-tab-portrait=\"\" data-height-mobile-landscape=\"\" style=\"clear:both;display:block;\"><\/div>[\/vc_column][\/vc_row][vc_row][vc_column width=&#8221;1\/4&#8243;][vc_single_image image=&#8221;1815&#8243; img_size=&#8221;300&#215;300&#8243; alignment=&#8221;center&#8221; css_animation=&#8221;fadeIn&#8221; image_hovers=&#8221;false&#8221;][\/vc_column][vc_column width=&#8221;1\/2&#8243;][vc_column_text css=&#8221;&#8221;]<\/p>\n<p style=\"text-align: left;\"><span lang=\"EN-GB\">Less than 30 minutes from the superb beach of Cateraghju and the Restonica gorges, a remarkable site classified as a Unesco World Heritage Site, the E Caselle hotel is as much a hotel close by the sea as a hotel in the mountains.<\/span><\/p>\n<h4 style=\"text-align: center;\"><span lang=\"EN-GB\">A family history<br \/>\n<\/span><\/h4>\n<p><span lang=\"EN-GB\">Established in 1966 in Venaco in the heart of the Corsican regional nature park on 10\u00a0hectares of scrub and pine forest. Built in an arm of the river U Vecchju (which gives access to the 2 beautiful beaches), by Jean Pagni, its founder, the hotel &amp; restaurant E Caselle is inspired by the traditional pastoral building of Venaco, with its stone buildings and its lines designed by Pierre Pucinelli, renowned architect.<br \/>\n<\/span><\/p>\n<h4 style=\"text-align: center;\"><span lang=\"EN-GB\">A place of art<br \/>\n<\/span><\/h4>\n<div><\/div>\n<p>Now run by his sons, Christophe, Jean Emmanuel and their spouses, the hotel adds a cultural dimension to its charm. Enhanced with the works of contemporary artists, it is also the venue for eclectic events, concerts, residencies for artists, visual artists, authors, cinema, and theatre.<br \/>\nIt is here that artists come to find inspiration in contact with a nature preserved from any construction.<\/p>\n<h4 style=\"text-align: center;\">An Eco-responsable approach<\/h4>\n<div><span lang=\"EN-GB\">In the exceptional setting we have, the hotel has naturally encouraged its owners to adopt an eco-responsible approach, with the Rispettu label, with the establishment of gardens on permanent land and the use of reasoned and short-distance supplies.\u00a0<\/span><\/div>\n<h4 style=\"text-align: center;\">An exceptional stopover<\/h4>\n<div><span lang=\"EN-GB\">This small, charming hotel, with its different types of accommodation, its well-tended restaurant, its swimming pool, its beaches by the river and its very central location is the ideal hotel for a stopover of several days in the heart of Corsica.<br \/>\n<\/span><\/div>\n<p>[\/vc_column_text][\/vc_column][vc_column width=&#8221;1\/4&#8243;]<div class=\"ult-spacer spacer-69db89bdcbf02\" data-id=\"69db89bdcbf02\" data-height=\"500\" data-height-mobile=\"500\" data-height-tab=\"500\" data-height-tab-portrait=\"\" data-height-mobile-landscape=\"\" style=\"clear:both;display:block;\"><\/div>[vc_single_image image=&#8221;1819&#8243; img_size=&#8221;full&#8221; alignment=&#8221;center&#8221; css_animation=&#8221;fadeIn&#8221; image_hovers=&#8221;false&#8221; lazy_loading=&#8221;true&#8221;][\/vc_column][\/vc_row][vc_row full_width=&#8221;stretch_row_content&#8221; css=&#8221;.vc_custom_1579020622872{margin-right: 0px !important;margin-left: 0px !important;padding-right: 0px !important;padding-left: 0px !important;}&#8221;][vc_column css=&#8221;.vc_custom_1579020690602{margin-right: 0px !important;margin-left: 0px !important;padding-right: 0px !important;padding-left: 0px !important;}&#8221;]<div class=\"sbvcgmap-map-wrapper\" style=\"width:100%;height:600px\"><div class=\"sbvcgmap-map\" zoom=\"10\" maptype=\"ROADMAP\" panoramatogglebutton=\"no\" pancontrol=\"yes\" pancontrol_position=\"TOP_LEFT\" zoomcontrol=\"yes\" zoomcontrol_position=\"TOP_LEFT\" zoomcontrolstyle=\"DEFAULT\" maptypecontrol=\"yes\" maptypecontrol_position=\"TOP_RIGHT\" streetviewcontrol=\"yes\" streetviewcontrol_position=\"TOP_LEFT\" overviewmapcontrol=\"yes\" overviewmapcontrolvisible=\"no\" maptypecontrolstyle=\"DEFAULT\" mapstyle=\"style-10\" weather=\"no\" traffic=\"no\" transit=\"no\" bicycle=\"no\" panoramio=\"no\" draggable=\"yes\" scrollwheel=\"yes\" cplatitude=\"42.22166\" cplongitude=\"9.209845\" scalecontrol=\"yes\" searchtype=\"disabled\" searchradius=\"500\" searchiconanimation=\"NONE\" searchdirectiontext=\"\" reloadonresize=\"no\" clustering=\"no\" style=\"width:100%;height:600px\"><div class=\"sbvcgmap-marker\" data-lat=\"42.22166\" data-lng=\"9.209845\" infowindow=\"no\" icon=\"https:\/\/hotelecaselle.com\/wp-content\/uploads\/2020\/01\/pin-e-ecaselle.png\" animation=\"BOUNCE\" customstyles=\"no\" ><\/p>\n<p style=\"text-align: center;\"><strong>H\u00f4tel E Caselle<\/strong><br \/>\nArt &amp; Nature au coeur de la Corse<\/p>\n<p style=\"text-align: center;\">De l&#8217;h\u00f4tel, d\u00e9couverte des sites naturels corse (massifs, rivi\u00e8res, lacs, \u00e9tangs, plages&#8230;),<br \/>\ndes villages de montagne, de la Restonica inscrit au patrimoine mondial de l&#8217;UNESCO,<br \/>\ndu site antique d&#8217;Al\u00e9ria, du patrimoine architectural corse, de la culture pastorale&#8230;<\/p>\n<p style=\"text-align: center;\"><strong>S\u00e9jours de 3 nuits minimum id\u00e9al pour d\u00e9couvrir les richesses de la r\u00e9gion.<\/strong><\/p>\n<p><\/div><div class=\"sbvcgmap-marker\" data-lat=\"42.263719\" data-lng=\"9.083059\" infowindow=\"no\" icon=\"https:\/\/hotelecaselle.com\/wp-content\/uploads\/2020\/01\/pin-unesco.png\" animation=\"NONE\" customstyles=\"no\" ><\/p>\n<p style=\"text-align: center;\"><strong>Gorges de la Restonica<\/strong><br \/>\nPatrimoine Mondial de l&#8217;Unesco<\/p>\n<p><\/div><div class=\"sbvcgmap-marker\" data-lat=\"42.29281\" data-lng=\"9.296066\" infowindow=\"no\" icon=\"https:\/\/hotelecaselle.com\/wp-content\/uploads\/2020\/01\/pins-monatgne.png\" animation=\"NONE\" customstyles=\"no\" ><\/p>\n<p style=\"text-align: center;\"><strong>Circuit du Boziu<\/strong><br \/>\n(en voiture)<\/p>\n<p><\/div><div class=\"sbvcgmap-marker\" data-lat=\"42.103074\" data-lng=\"9.509772\" infowindow=\"no\" icon=\"https:\/\/hotelecaselle.com\/wp-content\/uploads\/2020\/01\/pins-site-antique-aleria.png\" animation=\"NONE\" customstyles=\"no\" ><\/p>\n<p style=\"text-align: center;\"><strong>Site antique d&#8217;Aleria<\/strong><\/p>\n<p><\/div><div class=\"sbvcgmap-marker\" data-lat=\"42.132155\" data-lng=\"9.536819\" infowindow=\"no\" icon=\"https:\/\/hotelecaselle.com\/wp-content\/uploads\/2020\/01\/pins-plage.png\" animation=\"NONE\" customstyles=\"no\" ><\/p>\n<p style=\"text-align: center;\"><strong>Etang et plage de Diana<\/strong><\/p>\n<p><\/div><div class=\"sbvcgmap-marker\" data-lat=\"42.048497\" data-lng=\"9.481212\" infowindow=\"no\" icon=\"https:\/\/hotelecaselle.com\/wp-content\/uploads\/2020\/01\/pins-plage.png\" animation=\"NONE\" customstyles=\"no\" ><\/p>\n<p style=\"text-align: center;\"><strong>Etang et plage de Urbinu<\/strong><\/p>\n<p><\/div><div class=\"sbvcgmap-marker\" data-lat=\"42.102086\" data-lng=\"9.215252\" infowindow=\"no\" icon=\"https:\/\/hotelecaselle.com\/wp-content\/uploads\/2020\/01\/pins-monatgne.png\" animation=\"NONE\" customstyles=\"no\" ><\/p>\n<p style=\"text-align: center;\"><strong>Ghisoni<\/strong><\/p>\n<p><\/div><\/div><\/div>[\/vc_column][\/vc_row][vc_row full_width=&#8221;stretch_row_content&#8221; disable_element=&#8221;yes&#8221;][vc_column css=&#8221;.vc_custom_1579093706187{padding-right: 0px !important;padding-left: 0px !important;}&#8221;]<div class=\"ult-spacer spacer-69db89bdccd01\" data-id=\"69db89bdccd01\" data-height=\"70\" data-height-mobile=\"70\" data-height-tab=\"70\" data-height-tab-portrait=\"\" data-height-mobile-landscape=\"\" style=\"clear:both;display:block;\"><\/div>[vc_custom_heading text=&#8221;Instagram&#8221; font_container=&#8221;tag:h2|text_align:center&#8221; use_theme_fonts=&#8221;yes&#8221;]<div class=\"ult-spacer spacer-69db89bdccd32\" data-id=\"69db89bdccd32\" data-height=\"50\" data-height-mobile=\"50\" data-height-tab=\"50\" data-height-tab-portrait=\"\" data-height-mobile-landscape=\"\" style=\"clear:both;display:block;\"><\/div>[\/vc_column][\/vc_row]<\/p>\n<\/div>","protected":false},"excerpt":{"rendered":"<p>[vc_row][vc_column][vc_custom_heading text=&#8221;Art &amp; Nature in the heart of Corsica&#8221; font_container=&#8221;tag:h2|text_align:center&#8221; use_theme_fonts=&#8221;yes&#8221;][\/vc_column][\/vc_row][vc_row][vc_column width=&#8221;1\/4&#8243;][vc_single_image image=&#8221;1815&#8243; img_size=&#8221;300&#215;300&#8243; alignment=&#8221;center&#8221; css_animation=&#8221;fadeIn&#8221; image_hovers=&#8221;false&#8221;][\/vc_column][vc_column width=&#8221;1\/2&#8243;][vc_column_text css=&#8221;&#8221;] Less than 30 minutes from the superb beach of Cateraghju and the Restonica gorges, a remarkable site classified as a Unesco World Heritage Site, the E Caselle hotel is as much a hotel close by the<\/p>\n","protected":false},"author":1,"featured_media":0,"parent":0,"menu_order":0,"comment_status":"closed","ping_status":"closed","template":"","meta":{"footnotes":""},"yoast_head":"<!-- This site is optimized with the Yoast SEO plugin v24.5 - https:\/\/yoast.com\/wordpress\/plugins\/seo\/ -->\n<title>H\u00f4tel E Caselle - H\u00f4tel 4*, Restaurant &amp; Spa - Art &amp; Nature<\/title>\n<meta name=\"description\" content=\"H\u00f4tel de charme \u00e0 Venaco, a quelques minutes de Corte au coeur de la Corse avec piscine, immerg\u00e9 dans la nature en bordure de rivi\u00e8re. Restaurant &amp; Spa\" \/>\n<meta name=\"robots\" content=\"index, follow, max-snippet:-1, max-image-preview:large, max-video-preview:-1\" \/>\n<link rel=\"canonical\" href=\"https:\/\/hotelecaselle.com\/en\/\" \/>\n<meta property=\"og:locale\" content=\"en_US\" \/>\n<meta property=\"og:type\" content=\"article\" \/>\n<meta property=\"og:title\" content=\"H\u00f4tel E Caselle - H\u00f4tel 4*, Restaurant &amp; Spa - Art &amp; Nature\" \/>\n<meta property=\"og:description\" content=\"H\u00f4tel de charme \u00e0 Venaco, a quelques minutes de Corte au coeur de la Corse avec piscine, immerg\u00e9 dans la nature en bordure de rivi\u00e8re. Restaurant &amp; Spa\" \/>\n<meta property=\"og:url\" content=\"https:\/\/hotelecaselle.com\/en\/\" \/>\n<meta property=\"og:site_name\" content=\"H\u00f4tel E Caselle\" \/>\n<meta property=\"article:modified_time\" content=\"2025-04-18T08:31:54+00:00\" \/>\n<meta name=\"twitter:card\" content=\"summary_large_image\" \/>\n<meta name=\"twitter:label1\" content=\"Est. reading time\" \/>\n\t<meta name=\"twitter:data1\" content=\"5 minutes\" \/>\n<script type=\"application\/ld+json\" class=\"yoast-schema-graph\">{\"@context\":\"https:\/\/schema.org\",\"@graph\":[{\"@type\":\"WebPage\",\"@id\":\"https:\/\/hotelecaselle.com\/en\/\",\"url\":\"https:\/\/hotelecaselle.com\/en\/\",\"name\":\"H\u00f4tel E Caselle - H\u00f4tel 4*, Restaurant & Spa - Art & Nature\",\"isPartOf\":{\"@id\":\"https:\/\/hotelecaselle.com\/#website\"},\"datePublished\":\"2020-01-13T12:35:54+00:00\",\"dateModified\":\"2025-04-18T08:31:54+00:00\",\"description\":\"H\u00f4tel de charme \u00e0 Venaco, a quelques minutes de Corte au coeur de la Corse avec piscine, immerg\u00e9 dans la nature en bordure de rivi\u00e8re. Restaurant & Spa\",\"breadcrumb\":{\"@id\":\"https:\/\/hotelecaselle.com\/en\/#breadcrumb\"},\"inLanguage\":\"en-US\",\"potentialAction\":[{\"@type\":\"ReadAction\",\"target\":[\"https:\/\/hotelecaselle.com\/en\/\"]}]},{\"@type\":\"BreadcrumbList\",\"@id\":\"https:\/\/hotelecaselle.com\/en\/#breadcrumb\",\"itemListElement\":[{\"@type\":\"ListItem\",\"position\":1,\"name\":\"Accueil\",\"item\":\"https:\/\/hotelecaselle.com\/en\/\"},{\"@type\":\"ListItem\",\"position\":2,\"name\":\"Page d&rsquo;accueil\"}]},{\"@type\":\"WebSite\",\"@id\":\"https:\/\/hotelecaselle.com\/#website\",\"url\":\"https:\/\/hotelecaselle.com\/\",\"name\":\"H\u00f4tel E Caselle\",\"description\":\"Art &amp; nature, au coeur de la Corse\",\"potentialAction\":[{\"@type\":\"SearchAction\",\"target\":{\"@type\":\"EntryPoint\",\"urlTemplate\":\"https:\/\/hotelecaselle.com\/?s={search_term_string}\"},\"query-input\":{\"@type\":\"PropertyValueSpecification\",\"valueRequired\":true,\"valueName\":\"search_term_string\"}}],\"inLanguage\":\"en-US\"}]}<\/script>\n<!-- \/ Yoast SEO plugin. -->","yoast_head_json":{"title":"H\u00f4tel E Caselle - H\u00f4tel 4*, Restaurant & Spa - Art & Nature","description":"H\u00f4tel de charme \u00e0 Venaco, a quelques minutes de Corte au coeur de la Corse avec piscine, immerg\u00e9 dans la nature en bordure de rivi\u00e8re. Restaurant & Spa","robots":{"index":"index","follow":"follow","max-snippet":"max-snippet:-1","max-image-preview":"max-image-preview:large","max-video-preview":"max-video-preview:-1"},"canonical":"https:\/\/hotelecaselle.com\/en\/","og_locale":"en_US","og_type":"article","og_title":"H\u00f4tel E Caselle - H\u00f4tel 4*, Restaurant & Spa - Art & Nature","og_description":"H\u00f4tel de charme \u00e0 Venaco, a quelques minutes de Corte au coeur de la Corse avec piscine, immerg\u00e9 dans la nature en bordure de rivi\u00e8re. Restaurant & Spa","og_url":"https:\/\/hotelecaselle.com\/en\/","og_site_name":"H\u00f4tel E Caselle","article_modified_time":"2025-04-18T08:31:54+00:00","twitter_card":"summary_large_image","twitter_misc":{"Est. reading time":"5 minutes"},"schema":{"@context":"https:\/\/schema.org","@graph":[{"@type":"WebPage","@id":"https:\/\/hotelecaselle.com\/en\/","url":"https:\/\/hotelecaselle.com\/en\/","name":"H\u00f4tel E Caselle - H\u00f4tel 4*, Restaurant & Spa - Art & Nature","isPartOf":{"@id":"https:\/\/hotelecaselle.com\/#website"},"datePublished":"2020-01-13T12:35:54+00:00","dateModified":"2025-04-18T08:31:54+00:00","description":"H\u00f4tel de charme \u00e0 Venaco, a quelques minutes de Corte au coeur de la Corse avec piscine, immerg\u00e9 dans la nature en bordure de rivi\u00e8re. Restaurant & Spa","breadcrumb":{"@id":"https:\/\/hotelecaselle.com\/en\/#breadcrumb"},"inLanguage":"en-US","potentialAction":[{"@type":"ReadAction","target":["https:\/\/hotelecaselle.com\/en\/"]}]},{"@type":"BreadcrumbList","@id":"https:\/\/hotelecaselle.com\/en\/#breadcrumb","itemListElement":[{"@type":"ListItem","position":1,"name":"Accueil","item":"https:\/\/hotelecaselle.com\/en\/"},{"@type":"ListItem","position":2,"name":"Page d&rsquo;accueil"}]},{"@type":"WebSite","@id":"https:\/\/hotelecaselle.com\/#website","url":"https:\/\/hotelecaselle.com\/","name":"H\u00f4tel E Caselle","description":"Art &amp; nature, au coeur de la Corse","potentialAction":[{"@type":"SearchAction","target":{"@type":"EntryPoint","urlTemplate":"https:\/\/hotelecaselle.com\/?s={search_term_string}"},"query-input":{"@type":"PropertyValueSpecification","valueRequired":true,"valueName":"search_term_string"}}],"inLanguage":"en-US"}]}},"_links":{"self":[{"href":"https:\/\/hotelecaselle.com\/en\/wp-json\/wp\/v2\/pages\/2220"}],"collection":[{"href":"https:\/\/hotelecaselle.com\/en\/wp-json\/wp\/v2\/pages"}],"about":[{"href":"https:\/\/hotelecaselle.com\/en\/wp-json\/wp\/v2\/types\/page"}],"author":[{"embeddable":true,"href":"https:\/\/hotelecaselle.com\/en\/wp-json\/wp\/v2\/users\/1"}],"replies":[{"embeddable":true,"href":"https:\/\/hotelecaselle.com\/en\/wp-json\/wp\/v2\/comments?post=2220"}],"version-history":[{"count":5,"href":"https:\/\/hotelecaselle.com\/en\/wp-json\/wp\/v2\/pages\/2220\/revisions"}],"predecessor-version":[{"id":3145,"href":"https:\/\/hotelecaselle.com\/en\/wp-json\/wp\/v2\/pages\/2220\/revisions\/3145"}],"wp:attachment":[{"href":"https:\/\/hotelecaselle.com\/en\/wp-json\/wp\/v2\/media?parent=2220"}],"curies":[{"name":"wp","href":"https:\/\/api.w.org\/{rel}","templated":true}]}}