{"id":2249,"date":"2020-01-13T15:55:56","date_gmt":"2020-01-13T14:55:56","guid":{"rendered":"https:\/\/hotelecaselle.com\/bien-etre\/"},"modified":"2023-06-05T21:39:32","modified_gmt":"2023-06-05T19:39:32","slug":"well-being","status":"publish","type":"page","link":"https:\/\/hotelecaselle.com\/en\/well-being\/","title":{"rendered":"Spa"},"content":{"rendered":"<div class=\"wpb-content-wrapper\"><p>[vc_row][vc_column]\n\t\t\t<!-- START SPA REVOLUTION SLIDER 6.7.12 --><p class=\"rs-p-wp-fix\"><\/p>\n\t\t\t<rs-module-wrap id=\"rev_slider_7_1_wrapper\" data-source=\"gallery\" style=\"visibility:hidden;background:transparent;padding:0;margin:0px auto;margin-top:0;margin-bottom:0;\">\n\t\t\t\t<rs-module id=\"rev_slider_7_1\" style=\"\" data-version=\"6.7.12\">\n\t\t\t\t\t<rs-slides style=\"overflow: hidden; position: absolute;\">\n\t\t\t\t\t\t<rs-slide style=\"position: absolute;\" data-key=\"rs-81\" data-title=\"Slide\" data-thumb=\"\/\/hotelecaselle.com\/wp-content\/uploads\/2022\/05\/spa-jaccuzzi-hotel-centre-corse-50x100.jpg\" data-anim=\"adpr:false;\" data-in=\"o:0;\" data-out=\"a:false;\">\n\t\t\t\t\t\t\t<img decoding=\"async\" src=\"\/\/hotelecaselle.com\/wp-content\/plugins\/revslider\/sr6\/assets\/assets\/dummy.png\" alt=\"\" title=\"spa-jaccuzzi-hotel-centre-corse\" width=\"1240\" height=\"689\" class=\"rev-slidebg tp-rs-img rs-lazyload\" data-lazyload=\"\/\/hotelecaselle.com\/wp-content\/uploads\/2022\/05\/spa-jaccuzzi-hotel-centre-corse.jpg\" data-no-retina>\n<!---->\t\t\t\t\t<\/rs-slide>\n\t\t\t\t\t\t<rs-slide style=\"position: absolute;\" data-key=\"rs-84\" data-title=\"Slide\" data-thumb=\"\/\/hotelecaselle.com\/wp-content\/uploads\/2022\/05\/sauna-hotel-e-caselle-haute-corse-50x100.jpg\" data-anim=\"adpr:false;\" data-in=\"o:0;\" data-out=\"a:false;\">\n\t\t\t\t\t\t\t<img decoding=\"async\" src=\"\/\/hotelecaselle.com\/wp-content\/plugins\/revslider\/sr6\/assets\/assets\/dummy.png\" alt=\"\" title=\"sauna-hotel-e-caselle-haute-corse\" width=\"1240\" height=\"689\" class=\"rev-slidebg tp-rs-img rs-lazyload\" data-lazyload=\"\/\/hotelecaselle.com\/wp-content\/uploads\/2022\/05\/sauna-hotel-e-caselle-haute-corse.jpg\" data-no-retina>\n<!---->\t\t\t\t\t<\/rs-slide>\n\t\t\t\t\t\t<rs-slide style=\"position: absolute;\" data-key=\"rs-103\" data-title=\"Slide\" data-thumb=\"\/\/hotelecaselle.com\/wp-content\/uploads\/2022\/06\/Spa-bien-etre-hotel-venaco-corse-50x100.jpg\" data-anim=\"adpr:false;\" data-in=\"o:0;\" data-out=\"a:false;\">\n\t\t\t\t\t\t\t<img decoding=\"async\" src=\"\/\/hotelecaselle.com\/wp-content\/plugins\/revslider\/sr6\/assets\/assets\/dummy.png\" alt=\"\" title=\"Spa-bien-etre-hotel-venaco-corse\" width=\"1240\" height=\"689\" class=\"rev-slidebg tp-rs-img rs-lazyload\" data-lazyload=\"\/\/hotelecaselle.com\/wp-content\/uploads\/2022\/06\/Spa-bien-etre-hotel-venaco-corse.jpg\" data-no-retina>\n<!---->\t\t\t\t\t<\/rs-slide>\n\t\t\t\t\t\t<rs-slide style=\"position: absolute;\" data-key=\"rs-83\" data-title=\"Slide\" data-thumb=\"\/\/hotelecaselle.com\/wp-content\/uploads\/2022\/05\/soins-espace-bien-etre-hotel-venaco-50x100.jpg\" data-anim=\"adpr:false;\" data-in=\"o:0;\" data-out=\"a:false;\">\n\t\t\t\t\t\t\t<img decoding=\"async\" src=\"\/\/hotelecaselle.com\/wp-content\/plugins\/revslider\/sr6\/assets\/assets\/dummy.png\" alt=\"\" title=\"soins-espace-bien-etre-hotel-venaco\" width=\"1240\" height=\"689\" class=\"rev-slidebg tp-rs-img rs-lazyload\" data-lazyload=\"\/\/hotelecaselle.com\/wp-content\/uploads\/2022\/05\/soins-espace-bien-etre-hotel-venaco.jpg\" data-no-retina>\n<!---->\t\t\t\t\t<\/rs-slide>\n\t\t\t\t\t\t<rs-slide style=\"position: absolute;\" data-key=\"rs-82\" data-title=\"Slide\" data-thumb=\"\/\/hotelecaselle.com\/wp-content\/uploads\/2022\/05\/spa-detente-sejour-hotel-e-caselle-corse-50x100.jpg\" data-anim=\"adpr:false;\" data-in=\"o:0;\" data-out=\"a:false;\">\n\t\t\t\t\t\t\t<img decoding=\"async\" src=\"\/\/hotelecaselle.com\/wp-content\/plugins\/revslider\/sr6\/assets\/assets\/dummy.png\" alt=\"\" title=\"spa-detente-sejour-hotel-e-caselle-corse\" width=\"1240\" height=\"689\" class=\"rev-slidebg tp-rs-img rs-lazyload\" data-lazyload=\"\/\/hotelecaselle.com\/wp-content\/uploads\/2022\/05\/spa-detente-sejour-hotel-e-caselle-corse.jpg\" data-no-retina>\n<!---->\t\t\t\t\t<\/rs-slide>\n\t\t\t\t\t\t<rs-slide style=\"position: absolute;\" data-key=\"rs-85\" data-title=\"Slide\" data-thumb=\"\/\/hotelecaselle.com\/wp-content\/uploads\/2022\/05\/salle-massage-hotel-3-etoiles-venaco-50x100.jpg\" data-anim=\"adpr:false;\" data-in=\"o:0;\" data-out=\"a:false;\">\n\t\t\t\t\t\t\t<img decoding=\"async\" src=\"\/\/hotelecaselle.com\/wp-content\/plugins\/revslider\/sr6\/assets\/assets\/dummy.png\" alt=\"\" title=\"salle-massage-hotel-3-etoiles-venaco\" width=\"1240\" height=\"689\" class=\"rev-slidebg tp-rs-img rs-lazyload\" data-lazyload=\"\/\/hotelecaselle.com\/wp-content\/uploads\/2022\/05\/salle-massage-hotel-3-etoiles-venaco.jpg\" data-no-retina>\n<!---->\t\t\t\t\t<\/rs-slide>\n\t\t\t\t\t\t<rs-slide style=\"position: absolute;\" data-key=\"rs-86\" data-title=\"Slide\" data-thumb=\"\/\/hotelecaselle.com\/wp-content\/uploads\/2022\/05\/massage-spa-hotel-corte-corse-50x100.jpg\" data-anim=\"adpr:false;\" data-in=\"o:0;\" data-out=\"a:false;\">\n\t\t\t\t\t\t\t<img decoding=\"async\" src=\"\/\/hotelecaselle.com\/wp-content\/plugins\/revslider\/sr6\/assets\/assets\/dummy.png\" alt=\"\" title=\"massage-spa-hotel-corte-corse\" width=\"1240\" height=\"689\" class=\"rev-slidebg tp-rs-img rs-lazyload\" data-lazyload=\"\/\/hotelecaselle.com\/wp-content\/uploads\/2022\/05\/massage-spa-hotel-corte-corse.jpg\" data-no-retina>\n<!---->\t\t\t\t\t<\/rs-slide>\n\t\t\t\t\t\t<rs-slide style=\"position: absolute;\" data-key=\"rs-87\" data-title=\"Slide\" data-thumb=\"\/\/hotelecaselle.com\/wp-content\/uploads\/2022\/05\/hamam-hotel-corte-50x100.jpg\" data-anim=\"adpr:false;\" data-in=\"o:0;\" data-out=\"a:false;\">\n\t\t\t\t\t\t\t<img decoding=\"async\" src=\"\/\/hotelecaselle.com\/wp-content\/plugins\/revslider\/sr6\/assets\/assets\/dummy.png\" alt=\"\" title=\"hamam-hotel-corte\" width=\"1240\" height=\"689\" class=\"rev-slidebg tp-rs-img rs-lazyload\" data-lazyload=\"\/\/hotelecaselle.com\/wp-content\/uploads\/2022\/05\/hamam-hotel-corte.jpg\" data-no-retina>\n<!---->\t\t\t\t\t<\/rs-slide>\n\t\t\t\t\t<\/rs-slides>\n\t\t\t\t\t<rs-static-layers><!--\n\t\t\t\t\t--><\/rs-static-layers>\n\t\t\t\t<\/rs-module>\n\t\t\t\t<script>\n\t\t\t\t\tsetREVStartSize({c: 'rev_slider_7_1',rl:[1240,1024,778,480],el:[689],gw:[1240],gh:[689],type:'standard',justify:'',layout:'fullwidth',mh:\"0\"});if (window.RS_MODULES!==undefined && window.RS_MODULES.modules!==undefined && window.RS_MODULES.modules[\"revslider71\"]!==undefined) {window.RS_MODULES.modules[\"revslider71\"].once = false;window.revapi7 = undefined;if (window.RS_MODULES.checkMinimal!==undefined) window.RS_MODULES.checkMinimal()}\n\t\t\t\t<\/script>\n\t\t\t<\/rs-module-wrap>\n\t\t\t<!-- END REVOLUTION SLIDER -->\n<div class=\"ult-spacer spacer-69dc3799ee9d1\" data-id=\"69dc3799ee9d1\" data-height=\"50\" data-height-mobile=\"50\" data-height-tab=\"50\" data-height-tab-portrait=\"\" data-height-mobile-landscape=\"\" style=\"clear:both;display:block;\"><\/div>[vc_custom_heading text=&#8221;Le SPA&#8221; font_container=&#8221;tag:h2|text_align:center&#8221; use_theme_fonts=&#8221;yes&#8221;]<div class=\"ult-spacer spacer-69dc3799eea0c\" data-id=\"69dc3799eea0c\" data-height=\"50\" data-height-mobile=\"50\" data-height-tab=\"50\" data-height-tab-portrait=\"\" data-height-mobile-landscape=\"\" style=\"clear:both;display:block;\"><\/div>[\/vc_column][\/vc_row][vc_row][vc_column width=&#8221;1\/4&#8243;][\/vc_column][vc_column width=&#8221;1\/2&#8243;][vc_custom_heading text=&#8221;Pour vous d\u00e9tendre et vous relaxer<br \/>\n&#8221; font_container=&#8221;tag:h4|text_align:center&#8221; use_theme_fonts=&#8221;yes&#8221;]<div class=\"ult-spacer spacer-69dc3799eea36\" data-id=\"69dc3799eea36\" data-height=\"20\" data-height-mobile=\"20\" data-height-tab=\"20\" data-height-tab-portrait=\"\" data-height-mobile-landscape=\"\" style=\"clear:both;display:block;\"><\/div>[vc_column_text]<\/p>\n<p style=\"text-align: center;\">Au coeur de notre nouvel espace SPA, vous trouverez plusieurs espace d\u00e9di\u00e9s \u00e0 la relaxation et aux soins de votre corps.<\/p>\n<h4 style=\"text-align: center;\">La bassin sensoriel<\/h4>\n<p style=\"text-align: center;\">Chauff\u00e9 toute l&#8217;ann\u00e9e \u00e0 35\u00b0C qui augure un d\u00e9lassement total et dont toute la surface est r\u00e9partie de jets massant pour un sentiment de l\u00e9g\u00e8ret\u00e9 et d&#8217;apesanteur, Une s\u00e9ance de spa acc\u00e9l\u00e8re le processus naturel de gu\u00e9rison, calme la douleur et d\u00e9tend les fibres musculaires pour une relaxation et une r\u00e9cup\u00e9ration optimale.<\/p>\n<h4 style=\"text-align: center;\">Le Hammam aux essences d&#8217;eucalyptus<\/h4>\n<p style=\"text-align: center;\">Un hammam aux essences d\u2019eucalyptus qui favorisent la respiration et la d\u00e9tente, De tradition orientale, le hammam est l&#8217;une des meilleures choses que vous puissiez offrir \u00e0 votre organisme, il ouvre les pores de la peau et permet d\u2019\u00e9liminer les impuret\u00e9s et les bact\u00e9ries, il lib\u00e8re les sinus et les voies nasales et facilite la respiration, il apaise les douleurs musculaires, \u00e9limine les tensions et permet une relaxation imm\u00e9diate. Tout ceci est possible gr\u00e2ce aux bienfaits de la chaleur combin\u00e9s \u00e0 l&#8217;humidit\u00e9. En effet, contrairement \u00e0 un sauna, l&#8217;humidit\u00e9 de l&#8217;air d&#8217;un hammam est de 100%, ce qui rend la chaleur plus facile \u00e0 supporter pour certaines personnes. Le g\u00e9n\u00e9rateur de vapeur, permet de faire monter la temp\u00e9rature jusqu&#8217;\u00e0 50\u00b0c.<\/p>\n<h4 style=\"text-align: center;\">Des soins d&#8217;exception<\/h4>\n<p>D\u00e9tendez vous et prenez soin de vous&#8230;D\u00e9couvrez ci dessous la carte des massages et traitements \u00a0que nous vous proposons.[\/vc_column_text]<style type=\"text\/css\" data-type=\"the7_shortcodes-inline-css\">#default-btn-d87c3ec5ceae85b76c0ad18709944086.ico-right-side > i {\n  margin-right: 0px;\n  margin-left: 8px;\n}\n#default-btn-d87c3ec5ceae85b76c0ad18709944086 > i {\n  margin-right: 8px;\n}\n<\/style><div class=\"btn-align-center\"><a href=\"https:\/\/hotelecaselle.com\/wp-content\/uploads\/2022\/04\/Carte-des-soins-E-Caselle.pdf\" class=\"default-btn-shortcode dt-btn dt-btn-m link-hover-off \" target=\"_blank\" id=\"default-btn-d87c3ec5ceae85b76c0ad18709944086\" title=\"R\u00e9servez votre s\u00e9jour en Centre Corse\" rel=\"noopener\"><span>D\u00e9couvrez notre carte de soins<\/span><\/a><\/div><div class=\"ult-spacer spacer-69dc3799eeee1\" data-id=\"69dc3799eeee1\" data-height=\"30\" data-height-mobile=\"30\" data-height-tab=\"30\" data-height-tab-portrait=\"\" data-height-mobile-landscape=\"\" style=\"clear:both;display:block;\"><\/div>[vc_column_text]<\/p>\n<h4 style=\"text-align: center;\">Cours de Yoga<\/h4>\n<p style=\"text-align: center;\">Le yoga permet de lib\u00e9rer les tensions accumul\u00e9es dans le corps et l\u2019esprit en pla\u00e7ant le corps en mouvement et de l\u2019attention sur la respiration.<\/p>\n<p style=\"text-align: center;\">Voici les formules propos\u00e9es:<\/p>\n<div style=\"text-align: center;\"><strong>COURS COLLECTIF &amp; COURS PRIV\u00c9<\/strong><\/div>\n<div style=\"text-align: center;\">\n<p>Tous niveaux &#8211; 1 heure &#8211; sur r\u00e9servation pr\u00e9alable<\/p>\n<p>Pendant un cours priv\u00e9 de yoga,<\/p>\n<\/div>\n<div style=\"text-align: center;\">l\u2019objectif est de s\u2019adapter \u00e0 vos besoins,<br \/>\naux sp\u00e9cificit\u00e9s de votre corps.<\/div>\n<p>[\/vc_column_text]<div class=\"ult-spacer spacer-69dc3799eef0f\" data-id=\"69dc3799eef0f\" data-height=\"50\" data-height-mobile=\"50\" data-height-tab=\"50\" data-height-tab-portrait=\"\" data-height-mobile-landscape=\"\" style=\"clear:both;display:block;\"><\/div>[\/vc_column][vc_column width=&#8221;1\/4&#8243;][\/vc_column][\/vc_row][vc_row full_width=&#8221;stretch_row&#8221; bg_type=&#8221;bg_color&#8221; bg_color_value=&#8221;#efefef&#8221; css=&#8221;.vc_custom_1579106604543{background-color: #f4f4f4 !important;}&#8221;][vc_column width=&#8221;1\/3&#8243; css=&#8221;.vc_custom_1579107733323{padding-right: 70px !important;}&#8221;][\/vc_column][vc_column width=&#8221;1\/3&#8243; css=&#8221;.vc_custom_1579106673008{background-color: #dddddd !important;}&#8221;]<div class=\"ult-spacer spacer-69dc3799eef34\" data-id=\"69dc3799eef34\" data-height=\"20\" data-height-mobile=\"20\" data-height-tab=\"20\" data-height-tab-portrait=\"\" data-height-mobile-landscape=\"\" style=\"clear:both;display:block;\"><\/div>[vc_custom_heading text=&#8221;Pourquoi r\u00e9server en direct?&#8221; font_container=&#8221;tag:h4|text_align:center&#8221; use_theme_fonts=&#8221;yes&#8221;]<div class=\"ult-spacer spacer-69dc3799eef66\" data-id=\"69dc3799eef66\" data-height=\"10\" data-height-mobile=\"10\" data-height-tab=\"10\" data-height-tab-portrait=\"\" data-height-mobile-landscape=\"\" style=\"clear:both;display:block;\"><\/div>[vc_column_text css=&#8221;.vc_custom_1596796855929{padding-right: 55px !important;padding-left: 55px !important;}&#8221;]<\/p>\n<p style=\"text-align: justify; text-align-last: center; color: #46474a;\">En r\u00e9servant sur ce site ou par t\u00e9l\u00e9phone, nous vous garantissons :<\/p>\n<p style=\"text-align: justify; text-align-last: center; color: #46474a;\">Des tarifs inf\u00e9rieurs aux autres sites<\/p>\n<p style=\"text-align: justify; text-align-last: center; color: #46474a;\">Si besoin, des conditions d\u2019annulations plus flexibles<\/p>\n<p style=\"text-align: justify; text-align-last: center; color: #46474a;\">Une information pr\u00e9cise et tout le conseil n\u00e9cessaire pour organiser votre s\u00e9jour personnalis\u00e9 dans notre h\u00f4tel<\/p>\n<p>[\/vc_column_text]<div class=\"ult-spacer spacer-69dc3799eef8a\" data-id=\"69dc3799eef8a\" data-height=\"60\" data-height-mobile=\"60\" data-height-tab=\"60\" data-height-tab-portrait=\"\" data-height-mobile-landscape=\"\" style=\"clear:both;display:block;\"><\/div>[\/vc_column][vc_column width=&#8221;1\/3&#8243; css=&#8221;.vc_custom_1579107759827{padding-left: 70px !important;}&#8221;][\/vc_column][\/vc_row]<\/p>\n<\/div>","protected":false},"excerpt":{"rendered":"<p>[vc_row][vc_column][vc_custom_heading text=&#8221;Le SPA&#8221; font_container=&#8221;tag:h2|text_align:center&#8221; use_theme_fonts=&#8221;yes&#8221;][\/vc_column][\/vc_row][vc_row][vc_column width=&#8221;1\/4&#8243;][\/vc_column][vc_column width=&#8221;1\/2&#8243;][vc_custom_heading text=&#8221;Pour vous d\u00e9tendre et vous relaxer &#8221; font_container=&#8221;tag:h4|text_align:center&#8221; use_theme_fonts=&#8221;yes&#8221;][vc_column_text] Au coeur de notre nouvel espace SPA, vous trouverez plusieurs espace d\u00e9di\u00e9s \u00e0 la relaxation et aux soins de votre corps. La bassin sensoriel Chauff\u00e9 toute l&#8217;ann\u00e9e \u00e0 35\u00b0C qui augure un d\u00e9lassement total et dont toute la surface<\/p>\n","protected":false},"author":1,"featured_media":0,"parent":0,"menu_order":4,"comment_status":"closed","ping_status":"closed","template":"","meta":{"footnotes":""},"yoast_head":"<!-- This site is optimized with the Yoast SEO plugin v24.5 - https:\/\/yoast.com\/wordpress\/plugins\/seo\/ -->\n<title>Spa - H\u00f4tel E Caselle<\/title>\n<meta name=\"robots\" content=\"index, follow, max-snippet:-1, max-image-preview:large, max-video-preview:-1\" \/>\n<link rel=\"canonical\" href=\"https:\/\/hotelecaselle.com\/en\/well-being\/\" \/>\n<meta property=\"og:locale\" content=\"en_US\" \/>\n<meta property=\"og:type\" content=\"article\" \/>\n<meta property=\"og:title\" content=\"Spa - H\u00f4tel E Caselle\" \/>\n<meta property=\"og:description\" content=\"[vc_row][vc_column][vc_custom_heading text=&#8221;Le SPA&#8221; font_container=&#8221;tag:h2|text_align:center&#8221; use_theme_fonts=&#8221;yes&#8221;][\/vc_column][\/vc_row][vc_row][vc_column width=&#8221;1\/4&#8243;][\/vc_column][vc_column width=&#8221;1\/2&#8243;][vc_custom_heading text=&#8221;Pour vous d\u00e9tendre et vous relaxer &#8221; font_container=&#8221;tag:h4|text_align:center&#8221; use_theme_fonts=&#8221;yes&#8221;][vc_column_text] Au coeur de notre nouvel espace SPA, vous trouverez plusieurs espace d\u00e9di\u00e9s \u00e0 la relaxation et aux soins de votre corps. La bassin sensoriel Chauff\u00e9 toute l&#8217;ann\u00e9e \u00e0 35\u00b0C qui augure un d\u00e9lassement total et dont toute la surface\" \/>\n<meta property=\"og:url\" content=\"https:\/\/hotelecaselle.com\/en\/well-being\/\" \/>\n<meta property=\"og:site_name\" content=\"H\u00f4tel E Caselle\" \/>\n<meta property=\"article:modified_time\" content=\"2023-06-05T19:39:32+00:00\" \/>\n<meta name=\"twitter:card\" content=\"summary_large_image\" \/>\n<meta name=\"twitter:label1\" content=\"Est. reading time\" \/>\n\t<meta name=\"twitter:data1\" content=\"3 minutes\" \/>\n<script type=\"application\/ld+json\" class=\"yoast-schema-graph\">{\"@context\":\"https:\/\/schema.org\",\"@graph\":[{\"@type\":\"WebPage\",\"@id\":\"https:\/\/hotelecaselle.com\/en\/well-being\/\",\"url\":\"https:\/\/hotelecaselle.com\/en\/well-being\/\",\"name\":\"Spa - H\u00f4tel E Caselle\",\"isPartOf\":{\"@id\":\"https:\/\/hotelecaselle.com\/#website\"},\"datePublished\":\"2020-01-13T14:55:56+00:00\",\"dateModified\":\"2023-06-05T19:39:32+00:00\",\"breadcrumb\":{\"@id\":\"https:\/\/hotelecaselle.com\/en\/well-being\/#breadcrumb\"},\"inLanguage\":\"en-US\",\"potentialAction\":[{\"@type\":\"ReadAction\",\"target\":[\"https:\/\/hotelecaselle.com\/en\/well-being\/\"]}]},{\"@type\":\"BreadcrumbList\",\"@id\":\"https:\/\/hotelecaselle.com\/en\/well-being\/#breadcrumb\",\"itemListElement\":[{\"@type\":\"ListItem\",\"position\":1,\"name\":\"Accueil\",\"item\":\"https:\/\/hotelecaselle.com\/en\/\"},{\"@type\":\"ListItem\",\"position\":2,\"name\":\"Spa\"}]},{\"@type\":\"WebSite\",\"@id\":\"https:\/\/hotelecaselle.com\/#website\",\"url\":\"https:\/\/hotelecaselle.com\/\",\"name\":\"H\u00f4tel E Caselle\",\"description\":\"Art &amp; nature, au coeur de la Corse\",\"potentialAction\":[{\"@type\":\"SearchAction\",\"target\":{\"@type\":\"EntryPoint\",\"urlTemplate\":\"https:\/\/hotelecaselle.com\/?s={search_term_string}\"},\"query-input\":{\"@type\":\"PropertyValueSpecification\",\"valueRequired\":true,\"valueName\":\"search_term_string\"}}],\"inLanguage\":\"en-US\"}]}<\/script>\n<!-- \/ Yoast SEO plugin. -->","yoast_head_json":{"title":"Spa - H\u00f4tel E Caselle","robots":{"index":"index","follow":"follow","max-snippet":"max-snippet:-1","max-image-preview":"max-image-preview:large","max-video-preview":"max-video-preview:-1"},"canonical":"https:\/\/hotelecaselle.com\/en\/well-being\/","og_locale":"en_US","og_type":"article","og_title":"Spa - H\u00f4tel E Caselle","og_description":"[vc_row][vc_column][vc_custom_heading text=&#8221;Le SPA&#8221; font_container=&#8221;tag:h2|text_align:center&#8221; use_theme_fonts=&#8221;yes&#8221;][\/vc_column][\/vc_row][vc_row][vc_column width=&#8221;1\/4&#8243;][\/vc_column][vc_column width=&#8221;1\/2&#8243;][vc_custom_heading text=&#8221;Pour vous d\u00e9tendre et vous relaxer &#8221; font_container=&#8221;tag:h4|text_align:center&#8221; use_theme_fonts=&#8221;yes&#8221;][vc_column_text] Au coeur de notre nouvel espace SPA, vous trouverez plusieurs espace d\u00e9di\u00e9s \u00e0 la relaxation et aux soins de votre corps. La bassin sensoriel Chauff\u00e9 toute l&#8217;ann\u00e9e \u00e0 35\u00b0C qui augure un d\u00e9lassement total et dont toute la surface","og_url":"https:\/\/hotelecaselle.com\/en\/well-being\/","og_site_name":"H\u00f4tel E Caselle","article_modified_time":"2023-06-05T19:39:32+00:00","twitter_card":"summary_large_image","twitter_misc":{"Est. reading time":"3 minutes"},"schema":{"@context":"https:\/\/schema.org","@graph":[{"@type":"WebPage","@id":"https:\/\/hotelecaselle.com\/en\/well-being\/","url":"https:\/\/hotelecaselle.com\/en\/well-being\/","name":"Spa - H\u00f4tel E Caselle","isPartOf":{"@id":"https:\/\/hotelecaselle.com\/#website"},"datePublished":"2020-01-13T14:55:56+00:00","dateModified":"2023-06-05T19:39:32+00:00","breadcrumb":{"@id":"https:\/\/hotelecaselle.com\/en\/well-being\/#breadcrumb"},"inLanguage":"en-US","potentialAction":[{"@type":"ReadAction","target":["https:\/\/hotelecaselle.com\/en\/well-being\/"]}]},{"@type":"BreadcrumbList","@id":"https:\/\/hotelecaselle.com\/en\/well-being\/#breadcrumb","itemListElement":[{"@type":"ListItem","position":1,"name":"Accueil","item":"https:\/\/hotelecaselle.com\/en\/"},{"@type":"ListItem","position":2,"name":"Spa"}]},{"@type":"WebSite","@id":"https:\/\/hotelecaselle.com\/#website","url":"https:\/\/hotelecaselle.com\/","name":"H\u00f4tel E Caselle","description":"Art &amp; nature, au coeur de la Corse","potentialAction":[{"@type":"SearchAction","target":{"@type":"EntryPoint","urlTemplate":"https:\/\/hotelecaselle.com\/?s={search_term_string}"},"query-input":{"@type":"PropertyValueSpecification","valueRequired":true,"valueName":"search_term_string"}}],"inLanguage":"en-US"}]}},"_links":{"self":[{"href":"https:\/\/hotelecaselle.com\/en\/wp-json\/wp\/v2\/pages\/2249"}],"collection":[{"href":"https:\/\/hotelecaselle.com\/en\/wp-json\/wp\/v2\/pages"}],"about":[{"href":"https:\/\/hotelecaselle.com\/en\/wp-json\/wp\/v2\/types\/page"}],"author":[{"embeddable":true,"href":"https:\/\/hotelecaselle.com\/en\/wp-json\/wp\/v2\/users\/1"}],"replies":[{"embeddable":true,"href":"https:\/\/hotelecaselle.com\/en\/wp-json\/wp\/v2\/comments?post=2249"}],"version-history":[{"count":7,"href":"https:\/\/hotelecaselle.com\/en\/wp-json\/wp\/v2\/pages\/2249\/revisions"}],"predecessor-version":[{"id":2920,"href":"https:\/\/hotelecaselle.com\/en\/wp-json\/wp\/v2\/pages\/2249\/revisions\/2920"}],"wp:attachment":[{"href":"https:\/\/hotelecaselle.com\/en\/wp-json\/wp\/v2\/media?parent=2249"}],"curies":[{"name":"wp","href":"https:\/\/api.w.org\/{rel}","templated":true}]}}