{"id":2297,"date":"2020-01-13T16:07:48","date_gmt":"2020-01-13T15:07:48","guid":{"rendered":"https:\/\/hotelecaselle.com\/contact-localisation\/"},"modified":"2026-02-12T10:43:48","modified_gmt":"2026-02-12T09:43:48","slug":"contact-location","status":"publish","type":"page","link":"https:\/\/hotelecaselle.com\/en\/contact-location\/","title":{"rendered":"Contact &#038; Location"},"content":{"rendered":"<div class=\"wpb-content-wrapper\"><p>[vc_row full_width=&#8221;stretch_row_content&#8221; css=&#8221;.vc_custom_1579020622872{margin-right: 0px !important;margin-left: 0px !important;padding-right: 0px !important;padding-left: 0px !important;}&#8221;][vc_column css=&#8221;.vc_custom_1579020690602{margin-right: 0px !important;margin-left: 0px !important;padding-right: 0px !important;padding-left: 0px !important;}&#8221;]<div class=\"sbvcgmap-map-wrapper\" style=\"width:100%;height:600px\"><div class=\"sbvcgmap-map\" zoom=\"10\" maptype=\"ROADMAP\" panoramatogglebutton=\"no\" pancontrol=\"yes\" pancontrol_position=\"TOP_LEFT\" zoomcontrol=\"yes\" zoomcontrol_position=\"TOP_LEFT\" zoomcontrolstyle=\"DEFAULT\" maptypecontrol=\"yes\" maptypecontrol_position=\"TOP_RIGHT\" streetviewcontrol=\"yes\" streetviewcontrol_position=\"TOP_LEFT\" overviewmapcontrol=\"yes\" overviewmapcontrolvisible=\"no\" maptypecontrolstyle=\"DEFAULT\" mapstyle=\"style-10\" weather=\"no\" traffic=\"no\" transit=\"no\" bicycle=\"no\" panoramio=\"no\" draggable=\"yes\" scrollwheel=\"yes\" cplatitude=\"42.22166\" cplongitude=\"9.209845\" scalecontrol=\"yes\" searchtype=\"disabled\" searchradius=\"500\" searchiconanimation=\"NONE\" searchdirectiontext=\"\" reloadonresize=\"no\" clustering=\"no\" style=\"width:100%;height:600px\"><div class=\"sbvcgmap-marker\" data-lat=\"42.22166\" data-lng=\"9.209845\" infowindow=\"no\" icon=\"https:\/\/hotelecaselle.com\/wp-content\/uploads\/2020\/01\/pin-e-ecaselle.png\" animation=\"BOUNCE\" customstyles=\"no\" ><\/p>\n<p style=\"text-align: center;\"><strong>H\u00f4tel E Caselle<\/strong><br \/>\nArt &amp; Nature au coeur de la Corse<\/p>\n<p style=\"text-align: center;\">De l&#8217;h\u00f4tel, d\u00e9couverte des sites naturels corse (massifs, rivi\u00e8res, lacs, \u00e9tangs, plages&#8230;),<br \/>\ndes villages de montagne, de la Restonica inscrit au patrimoine mondial de l&#8217;UNESCO,<br \/>\ndu site antique d&#8217;Al\u00e9ria, du patrimoine architectural corse, de la culture pastorale&#8230;<\/p>\n<p style=\"text-align: center;\"><strong>S\u00e9jours de 3 nuits minimum id\u00e9al pour d\u00e9couvrir les richesses de la r\u00e9gion.<\/strong><\/p>\n<p><\/div><\/div><\/div>[\/vc_column][\/vc_row][vc_row][vc_column]<div class=\"ult-spacer spacer-69dc50bb75091\" data-id=\"69dc50bb75091\" data-height=\"75\" data-height-mobile=\"75\" data-height-tab=\"75\" data-height-tab-portrait=\"\" data-height-mobile-landscape=\"\" style=\"clear:both;display:block;\"><\/div>[vc_custom_heading text=&#8221;Contact &amp; Location&#8221; font_container=&#8221;tag:h2|text_align:center&#8221; use_theme_fonts=&#8221;yes&#8221;]<div class=\"ult-spacer spacer-69dc50bb750bb\" data-id=\"69dc50bb750bb\" data-height=\"50\" data-height-mobile=\"50\" data-height-tab=\"50\" data-height-tab-portrait=\"\" data-height-mobile-landscape=\"\" style=\"clear:both;display:block;\"><\/div>[\/vc_column][\/vc_row][vc_row][vc_column width=&#8221;1\/4&#8243;][\/vc_column][vc_column width=&#8221;1\/2&#8243;][vc_column_text]The hotel is hidden in green scrubland at equal distance from Bastia and Ajaccio in a spirit of nature and comfort.<\/p>\n<div><span lang=\"EN-GB\">You can reach the Restonica Valley in 20 minutes by car and enjoy canoeing on the nearby Vecchio River.<br \/>\n<\/span><span lang=\"EN-GB\">The area is popular with hikers, horse riding and water sports<\/span><\/div>\n<p>[\/vc_column_text][vc_column_text css=&#8221;&#8221;]<\/p>\n<p style=\"text-align: center;\">Lieu-dit Agnu di Pinu<br \/>\n20231 Venaco, Corse, France<\/p>\n<p style=\"text-align: center;\">+33 (0) 7 88 97 53 25<br \/>\ninfo@hotelecaselle.com<\/p>\n<p>[\/vc_column_text][vc_custom_heading text=&#8221;Itinerary from&#8221; font_container=&#8221;tag:h4|text_align:center&#8221; use_theme_fonts=&#8221;yes&#8221;][\/vc_column][vc_column width=&#8221;1\/4&#8243;][\/vc_column][\/vc_row][vc_row][vc_column width=&#8221;1\/4&#8243;][\/vc_column][vc_column width=&#8221;1\/2&#8243;][vc_row_inner][vc_column_inner width=&#8221;1\/4&#8243;][vc_column_text]<\/p>\n<p style=\"text-align: center;\"><a href=\"https:\/\/goo.gl\/maps\/1bMqbiwnRxF2\" target=\"_blank\" rel=\"noopener noreferrer\">Bastia<\/a><\/p>\n<p>[\/vc_column_text][\/vc_column_inner][vc_column_inner width=&#8221;1\/4&#8243;][vc_column_text]<\/p>\n<p style=\"text-align: center;\"><a href=\"https:\/\/goo.gl\/maps\/yLPThzygdKz\" target=\"_blank\" rel=\"noopener noreferrer\">Ajaccio<\/a><\/p>\n<p>[\/vc_column_text][\/vc_column_inner][vc_column_inner width=&#8221;1\/4&#8243;][vc_column_text]<\/p>\n<p style=\"text-align: center;\"><a href=\"https:\/\/goo.gl\/maps\/U5y6TRRs24Q2\" target=\"_blank\" rel=\"noopener noreferrer\">Porto-Vecchio<\/a><\/p>\n<p>[\/vc_column_text][\/vc_column_inner][vc_column_inner width=&#8221;1\/4&#8243;][vc_column_text]<\/p>\n<p style=\"text-align: center;\"><a href=\"https:\/\/goo.gl\/maps\/sqWYEtcJJqT2\" target=\"_blank\" rel=\"noopener noreferrer\">Calvi<\/a><\/p>\n<p>[\/vc_column_text][\/vc_column_inner][\/vc_row_inner][\/vc_column][vc_column width=&#8221;1\/4&#8243;][\/vc_column][\/vc_row][vc_row full_width=&#8221;stretch_row_content&#8221;][vc_column css=&#8221;.vc_custom_1579093706187{padding-right: 0px !important;padding-left: 0px !important;}&#8221;]<div class=\"ult-spacer spacer-69dc50bb750d5\" data-id=\"69dc50bb750d5\" data-height=\"70\" data-height-mobile=\"70\" data-height-tab=\"70\" data-height-tab-portrait=\"\" data-height-mobile-landscape=\"\" style=\"clear:both;display:block;\"><\/div>[vc_custom_heading text=&#8221;Instagram&#8221; font_container=&#8221;tag:h2|text_align:center&#8221; use_theme_fonts=&#8221;yes&#8221;]<div class=\"ult-spacer spacer-69dc50bb750e8\" data-id=\"69dc50bb750e8\" data-height=\"50\" data-height-mobile=\"50\" data-height-tab=\"50\" data-height-tab-portrait=\"\" data-height-mobile-landscape=\"\" style=\"clear:both;display:block;\"><\/div>[\/vc_column][\/vc_row]<\/p>\n<\/div>","protected":false},"excerpt":{"rendered":"<p>[vc_row full_width=&#8221;stretch_row_content&#8221; css=&#8221;.vc_custom_1579020622872{margin-right: 0px !important;margin-left: 0px !important;padding-right: 0px !important;padding-left: 0px !important;}&#8221;][vc_column css=&#8221;.vc_custom_1579020690602{margin-right: 0px !important;margin-left: 0px !important;padding-right: 0px !important;padding-left: 0px !important;}&#8221;][\/vc_column][\/vc_row][vc_row][vc_column][vc_custom_heading text=&#8221;Contact &amp; Location&#8221; font_container=&#8221;tag:h2|text_align:center&#8221; use_theme_fonts=&#8221;yes&#8221;][\/vc_column][\/vc_row][vc_row][vc_column width=&#8221;1\/4&#8243;][\/vc_column][vc_column width=&#8221;1\/2&#8243;][vc_column_text]The hotel is hidden in green scrubland at equal distance from Bastia and Ajaccio in a spirit of nature and comfort. You can reach the Restonica Valley in 20<\/p>\n","protected":false},"author":1,"featured_media":0,"parent":0,"menu_order":7,"comment_status":"closed","ping_status":"closed","template":"","meta":{"footnotes":""},"yoast_head":"<!-- This site is optimized with the Yoast SEO plugin v24.5 - https:\/\/yoast.com\/wordpress\/plugins\/seo\/ -->\n<title>Contact &amp; Location - H\u00f4tel E Caselle<\/title>\n<meta name=\"robots\" content=\"index, follow, max-snippet:-1, max-image-preview:large, max-video-preview:-1\" \/>\n<link rel=\"canonical\" href=\"https:\/\/hotelecaselle.com\/en\/contact-location\/\" \/>\n<meta property=\"og:locale\" content=\"en_US\" \/>\n<meta property=\"og:type\" content=\"article\" \/>\n<meta property=\"og:title\" content=\"Contact &amp; Location - H\u00f4tel E Caselle\" \/>\n<meta property=\"og:description\" content=\"[vc_row full_width=&#8221;stretch_row_content&#8221; css=&#8221;.vc_custom_1579020622872{margin-right: 0px !important;margin-left: 0px !important;padding-right: 0px !important;padding-left: 0px !important;}&#8221;][vc_column css=&#8221;.vc_custom_1579020690602{margin-right: 0px !important;margin-left: 0px !important;padding-right: 0px !important;padding-left: 0px !important;}&#8221;][\/vc_column][\/vc_row][vc_row][vc_column][vc_custom_heading text=&#8221;Contact &amp; Location&#8221; font_container=&#8221;tag:h2|text_align:center&#8221; use_theme_fonts=&#8221;yes&#8221;][\/vc_column][\/vc_row][vc_row][vc_column width=&#8221;1\/4&#8243;][\/vc_column][vc_column width=&#8221;1\/2&#8243;][vc_column_text]The hotel is hidden in green scrubland at equal distance from Bastia and Ajaccio in a spirit of nature and comfort. You can reach the Restonica Valley in 20\" \/>\n<meta property=\"og:url\" content=\"https:\/\/hotelecaselle.com\/en\/contact-location\/\" \/>\n<meta property=\"og:site_name\" content=\"H\u00f4tel E Caselle\" \/>\n<meta property=\"article:modified_time\" content=\"2026-02-12T09:43:48+00:00\" \/>\n<meta name=\"twitter:card\" content=\"summary_large_image\" \/>\n<meta name=\"twitter:label1\" content=\"Est. reading time\" \/>\n\t<meta name=\"twitter:data1\" content=\"2 minutes\" \/>\n<script type=\"application\/ld+json\" class=\"yoast-schema-graph\">{\"@context\":\"https:\/\/schema.org\",\"@graph\":[{\"@type\":\"WebPage\",\"@id\":\"https:\/\/hotelecaselle.com\/en\/contact-location\/\",\"url\":\"https:\/\/hotelecaselle.com\/en\/contact-location\/\",\"name\":\"Contact & Location - H\u00f4tel E Caselle\",\"isPartOf\":{\"@id\":\"https:\/\/hotelecaselle.com\/#website\"},\"datePublished\":\"2020-01-13T15:07:48+00:00\",\"dateModified\":\"2026-02-12T09:43:48+00:00\",\"breadcrumb\":{\"@id\":\"https:\/\/hotelecaselle.com\/en\/contact-location\/#breadcrumb\"},\"inLanguage\":\"en-US\",\"potentialAction\":[{\"@type\":\"ReadAction\",\"target\":[\"https:\/\/hotelecaselle.com\/en\/contact-location\/\"]}]},{\"@type\":\"BreadcrumbList\",\"@id\":\"https:\/\/hotelecaselle.com\/en\/contact-location\/#breadcrumb\",\"itemListElement\":[{\"@type\":\"ListItem\",\"position\":1,\"name\":\"Accueil\",\"item\":\"https:\/\/hotelecaselle.com\/en\/\"},{\"@type\":\"ListItem\",\"position\":2,\"name\":\"Contact &#038; Location\"}]},{\"@type\":\"WebSite\",\"@id\":\"https:\/\/hotelecaselle.com\/#website\",\"url\":\"https:\/\/hotelecaselle.com\/\",\"name\":\"H\u00f4tel E Caselle\",\"description\":\"Art &amp; nature, au coeur de la Corse\",\"potentialAction\":[{\"@type\":\"SearchAction\",\"target\":{\"@type\":\"EntryPoint\",\"urlTemplate\":\"https:\/\/hotelecaselle.com\/?s={search_term_string}\"},\"query-input\":{\"@type\":\"PropertyValueSpecification\",\"valueRequired\":true,\"valueName\":\"search_term_string\"}}],\"inLanguage\":\"en-US\"}]}<\/script>\n<!-- \/ Yoast SEO plugin. -->","yoast_head_json":{"title":"Contact & Location - H\u00f4tel E Caselle","robots":{"index":"index","follow":"follow","max-snippet":"max-snippet:-1","max-image-preview":"max-image-preview:large","max-video-preview":"max-video-preview:-1"},"canonical":"https:\/\/hotelecaselle.com\/en\/contact-location\/","og_locale":"en_US","og_type":"article","og_title":"Contact & Location - H\u00f4tel E Caselle","og_description":"[vc_row full_width=&#8221;stretch_row_content&#8221; css=&#8221;.vc_custom_1579020622872{margin-right: 0px !important;margin-left: 0px !important;padding-right: 0px !important;padding-left: 0px !important;}&#8221;][vc_column css=&#8221;.vc_custom_1579020690602{margin-right: 0px !important;margin-left: 0px !important;padding-right: 0px !important;padding-left: 0px !important;}&#8221;][\/vc_column][\/vc_row][vc_row][vc_column][vc_custom_heading text=&#8221;Contact &amp; Location&#8221; font_container=&#8221;tag:h2|text_align:center&#8221; use_theme_fonts=&#8221;yes&#8221;][\/vc_column][\/vc_row][vc_row][vc_column width=&#8221;1\/4&#8243;][\/vc_column][vc_column width=&#8221;1\/2&#8243;][vc_column_text]The hotel is hidden in green scrubland at equal distance from Bastia and Ajaccio in a spirit of nature and comfort. You can reach the Restonica Valley in 20","og_url":"https:\/\/hotelecaselle.com\/en\/contact-location\/","og_site_name":"H\u00f4tel E Caselle","article_modified_time":"2026-02-12T09:43:48+00:00","twitter_card":"summary_large_image","twitter_misc":{"Est. reading time":"2 minutes"},"schema":{"@context":"https:\/\/schema.org","@graph":[{"@type":"WebPage","@id":"https:\/\/hotelecaselle.com\/en\/contact-location\/","url":"https:\/\/hotelecaselle.com\/en\/contact-location\/","name":"Contact & Location - H\u00f4tel E Caselle","isPartOf":{"@id":"https:\/\/hotelecaselle.com\/#website"},"datePublished":"2020-01-13T15:07:48+00:00","dateModified":"2026-02-12T09:43:48+00:00","breadcrumb":{"@id":"https:\/\/hotelecaselle.com\/en\/contact-location\/#breadcrumb"},"inLanguage":"en-US","potentialAction":[{"@type":"ReadAction","target":["https:\/\/hotelecaselle.com\/en\/contact-location\/"]}]},{"@type":"BreadcrumbList","@id":"https:\/\/hotelecaselle.com\/en\/contact-location\/#breadcrumb","itemListElement":[{"@type":"ListItem","position":1,"name":"Accueil","item":"https:\/\/hotelecaselle.com\/en\/"},{"@type":"ListItem","position":2,"name":"Contact &#038; Location"}]},{"@type":"WebSite","@id":"https:\/\/hotelecaselle.com\/#website","url":"https:\/\/hotelecaselle.com\/","name":"H\u00f4tel E Caselle","description":"Art &amp; nature, au coeur de la Corse","potentialAction":[{"@type":"SearchAction","target":{"@type":"EntryPoint","urlTemplate":"https:\/\/hotelecaselle.com\/?s={search_term_string}"},"query-input":{"@type":"PropertyValueSpecification","valueRequired":true,"valueName":"search_term_string"}}],"inLanguage":"en-US"}]}},"_links":{"self":[{"href":"https:\/\/hotelecaselle.com\/en\/wp-json\/wp\/v2\/pages\/2297"}],"collection":[{"href":"https:\/\/hotelecaselle.com\/en\/wp-json\/wp\/v2\/pages"}],"about":[{"href":"https:\/\/hotelecaselle.com\/en\/wp-json\/wp\/v2\/types\/page"}],"author":[{"embeddable":true,"href":"https:\/\/hotelecaselle.com\/en\/wp-json\/wp\/v2\/users\/1"}],"replies":[{"embeddable":true,"href":"https:\/\/hotelecaselle.com\/en\/wp-json\/wp\/v2\/comments?post=2297"}],"version-history":[{"count":5,"href":"https:\/\/hotelecaselle.com\/en\/wp-json\/wp\/v2\/pages\/2297\/revisions"}],"predecessor-version":[{"id":3181,"href":"https:\/\/hotelecaselle.com\/en\/wp-json\/wp\/v2\/pages\/2297\/revisions\/3181"}],"wp:attachment":[{"href":"https:\/\/hotelecaselle.com\/en\/wp-json\/wp\/v2\/media?parent=2297"}],"curies":[{"name":"wp","href":"https:\/\/api.w.org\/{rel}","templated":true}]}}